{"id":5404,"date":"2022-01-26T11:25:50","date_gmt":"2022-01-26T10:25:50","guid":{"rendered":"https:\/\/www.group.crmschock.com\/kuenye\/"},"modified":"2024-07-02T12:58:37","modified_gmt":"2024-07-02T10:58:37","slug":"kuenye","status":"publish","type":"page","link":"https:\/\/www.group.crmschock.com\/tr\/kuenye\/","title":{"rendered":"K\u00fcnye"},"content":{"rendered":"<div class=\"fusion-fullwidth fullwidth-box fusion-builder-row-1 fusion-flex-container nonhundred-percent-fullwidth non-hundred-percent-height-scrolling\" style=\"--awb-border-radius-top-left:0px;--awb-border-radius-top-right:0px;--awb-border-radius-bottom-right:0px;--awb-border-radius-bottom-left:0px;--awb-padding-top-medium:80px;--awb-padding-bottom-medium:50px;--awb-padding-top-small:50px;--awb-padding-bottom-small:0px;--awb-flex-wrap:wrap;\" ><div class=\"fusion-builder-row fusion-row fusion-flex-align-items-flex-start fusion-flex-content-wrap\" style=\"max-width:1456px;margin-left: calc(-4% \/ 2 );margin-right: calc(-4% \/ 2 );\"><div class=\"fusion-layout-column fusion_builder_column fusion-builder-column-0 fusion_builder_column_1_1 1_1 fusion-flex-column\" style=\"--awb-bg-size:cover;--awb-width-large:100%;--awb-margin-top-large:0px;--awb-spacing-right-large:1.92%;--awb-margin-bottom-large:10px;--awb-spacing-left-large:1.92%;--awb-width-medium:100%;--awb-order-medium:0;--awb-spacing-right-medium:1.92%;--awb-spacing-left-medium:1.92%;--awb-width-small:100%;--awb-order-small:0;--awb-spacing-right-small:1.92%;--awb-spacing-left-small:1.92%;\"><div class=\"fusion-column-wrapper fusion-column-has-shadow fusion-flex-justify-content-flex-start fusion-content-layout-column\"><div class=\"fusion-title title fusion-title-1 fusion-sep-none fusion-title-text fusion-title-size-three\" style=\"--awb-margin-top:0px;--awb-margin-right:0px;--awb-margin-bottom:0px;--awb-margin-left:0px;--awb-margin-top-small:0px;--awb-margin-right-small:0px;--awb-margin-bottom-small:0px;--awb-margin-left-small:0px;\"><h3 class=\"fusion-title-heading title-heading-left fusion-responsive-typography-calculated\" style=\"margin:0;--fontSize:35;line-height:var(--awb-typography2-line-height);\">TMG&#8217;nin 5. maddesi uyar\u0131nca bilgiler<\/h3><\/div><\/div><\/div><div class=\"fusion-layout-column fusion_builder_column fusion-builder-column-1 fusion_builder_column_1_1 1_1 fusion-flex-column\" style=\"--awb-bg-size:cover;--awb-width-large:100%;--awb-margin-top-large:0px;--awb-spacing-right-large:1.92%;--awb-margin-bottom-large:6%;--awb-spacing-left-large:1.92%;--awb-width-medium:100%;--awb-order-medium:0;--awb-spacing-right-medium:1.92%;--awb-spacing-left-medium:1.92%;--awb-width-small:100%;--awb-order-small:0;--awb-spacing-right-small:1.92%;--awb-spacing-left-small:1.92%;\"><div class=\"fusion-column-wrapper fusion-column-has-shadow fusion-flex-justify-content-flex-start fusion-content-layout-column\"><div class=\"fusion-title title fusion-title-2 fusion-sep-none fusion-title-text fusion-title-size-one\" style=\"--awb-margin-top:0px;--awb-margin-right:0px;--awb-margin-bottom:0px;--awb-margin-left:0px;--awb-margin-top-small:0px;--awb-margin-right-small:0px;--awb-margin-bottom-small:0px;--awb-margin-left-small:0px;\"><h1 class=\"fusion-title-heading title-heading-left fusion-responsive-typography-calculated\" style=\"margin:0;--fontSize:135;line-height:var(--awb-typography1-line-height);\">K\u00fcnye<\/h1><\/div><\/div><\/div><div class=\"fusion-layout-column fusion_builder_column fusion-builder-column-2 fusion_builder_column_1_1 1_1 fusion-flex-column\" style=\"--awb-bg-size:cover;--awb-width-large:100%;--awb-margin-top-large:0px;--awb-spacing-right-large:1.92%;--awb-margin-bottom-large:6%;--awb-spacing-left-large:1.92%;--awb-width-medium:100%;--awb-order-medium:0;--awb-spacing-right-medium:1.92%;--awb-spacing-left-medium:1.92%;--awb-width-small:100%;--awb-order-small:0;--awb-spacing-right-small:1.92%;--awb-spacing-left-small:1.92%;\"><div class=\"fusion-column-wrapper fusion-column-has-shadow fusion-flex-justify-content-flex-start fusion-content-layout-column\"><div class=\"fusion-text fusion-text-1\"><p><strong>Schock Metallwerk GmbH<\/strong><br \/>\nSiemensstra\u00dfe 1-3<br \/>\n73660 Urbach<\/p>\n<p>Handelsregister: HRB 280454<br \/>\nRegistergericht: Amtsgericht Stuttgart<\/p>\n<p><strong>Vertreten durch:<\/strong><br \/>\nFrank Trick<\/p>\n<h3 class=\"fusion-responsive-typography-calculated\" style=\"--fontsize: 35; line-height: 1.5;\" data-fontsize=\"35\" data-lineheight=\"52.5px\">Kontakt<\/h3>\n<p>Telefon: <a href=\"tel:+4971818080\">+49 (0) 7181 808-0<\/a><br \/>\nE-Mail: <a href=\"mailto:info@schock-group.com\">info@schock-group.com<\/a><\/p>\n<h3 class=\"fusion-responsive-typography-calculated\" style=\"--fontsize: 35; line-height: 1.5;\" data-fontsize=\"35\" data-lineheight=\"52.5px\">Umsatzsteuer-ID<\/h3>\n<p>Umsatzsteuer-Identifikationsnummer gem\u00e4\u00df \u00a7 27 a Umsatzsteuergesetz:<br \/>\nDE146617006<\/p>\n<h3 class=\"fusion-responsive-typography-calculated\" style=\"--fontsize: 35; line-height: 1.5;\" data-fontsize=\"35\" data-lineheight=\"52.5px\">Redaktionell verantwortlich<\/h3>\n<p>Martin Schock, Timo Eisele<br \/>\nSiemensstra\u00dfe 1-3<br \/>\n73660 Urbach<\/p>\n<h3 class=\"fusion-responsive-typography-calculated\" style=\"--fontsize: 35; line-height: 1.5;\" data-fontsize=\"35\" data-lineheight=\"52.5px\">Quellen<\/h3>\n<p><a href=\"https:\/\/www.shutterstock.com\/de\/\" target=\"_blank\" rel=\"noopener\">Shutterstock<\/a>: 113445967, 761298286, 1124727410, 1349931605, 1495084832, 1708950298, 1708950322, 1747004000, 1793836510, 1936499722, 2009894039<br \/>\n<a href=\"https:\/\/www.istockphoto.com\/de\" target=\"_blank\" rel=\"noopener\">iStock<\/a>: 638672100, 899693038, 1014147598, 1129335785, 1159198606<br \/>\n<a style=\"background-color: rgba(255, 255, 255, 0); font-family: var(--body_typography-font-family); font-size: var(--body_typography-font-size); font-style: var(--body_typography-font-style,normal); font-weight: var(--body_typography-font-weight); letter-spacing: var(--body_typography-letter-spacing);\" href=\"https:\/\/www.gaggenau.com\/de\/\" target=\"_blank\" rel=\"noopener\">Gaggenau Hausger\u00e4te GmbH<\/a><span style=\"background-color: rgba(255, 255, 255, 0); color: var(--body_typography-color); font-family: var(--body_typography-font-family); font-size: var(--body_typography-font-size); font-style: var(--body_typography-font-style,normal); font-weight: var(--body_typography-font-weight); letter-spacing: var(--body_typography-letter-spacing);\">: <a href=\"https:\/\/www.group.crmschock.com\/wp-content\/uploads\/2022\/05\/schock-metall-anwendung-hausgeraete-geschirrspuehlmaschine.jpg\" target=\"_blank\" rel=\"noopener\">Geschirrsp\u00fcler<\/a><\/span><\/p>\n<h3 class=\"fusion-responsive-typography-calculated\" style=\"--fontsize: 35; line-height: 1.5;\" data-fontsize=\"35\" data-lineheight=\"52.5px\">EU-Streitschlichtung<\/h3>\n<p>Die Europ\u00e4ische Kommission stellt eine Plattform zur Online-Streitbeilegung (OS) bereit: <a href=\"https:\/\/ec.europa.eu\/consumers\/odr\/\" target=\"_blank\" rel=\"noopener noreferrer\">https:\/\/ec.europa.eu\/consumers\/odr\/<\/a>.<br \/>\nUnsere E-Mail-Adresse finden Sie oben im Impressum.<\/p>\n<h3>Konzeption, Screendesign, Realisierung<\/h3>\n<p>Resch Marketing and Communication GmbH<br \/>\nBahnhofstra\u00dfe 8<br \/>\n71364 Winnenden<br \/>\nTel.: <a href=\"tel:+49719591420\">+49 7195 9142 0<\/a><br \/>\nFax: +49 7195 9142 42<br \/>\n<a href=\"mailto:info@reschundpartner.de\">info@reschundpartner.de<\/a><br \/>\n<a href=\"https:\/\/www.reschundpartner.de\" target=\"_blank\" rel=\"noopener\">www.reschundpartner.de<\/a><\/p>\n<\/div><\/div><\/div><div class=\"fusion-layout-column fusion_builder_column fusion-builder-column-3 fusion_builder_column_1_1 1_1 fusion-flex-column\" style=\"--awb-bg-size:cover;--awb-width-large:100%;--awb-margin-top-large:0px;--awb-spacing-right-large:1.92%;--awb-margin-bottom-large:0px;--awb-spacing-left-large:1.92%;--awb-width-medium:100%;--awb-order-medium:0;--awb-spacing-right-medium:1.92%;--awb-spacing-left-medium:1.92%;--awb-width-small:100%;--awb-order-small:0;--awb-spacing-right-small:1.92%;--awb-spacing-left-small:1.92%;\"><div class=\"fusion-column-wrapper fusion-column-has-shadow fusion-flex-justify-content-flex-start fusion-content-layout-column\"><div class=\"fusion-text fusion-text-2\" style=\"--awb-font-size:var(--awb-typography5-font-size);--awb-line-height:var(--awb-typography5-line-height);--awb-letter-spacing:var(--awb-typography5-letter-spacing);--awb-text-transform:var(--awb-typography5-text-transform);--awb-text-font-family:var(--awb-typography5-font-family);--awb-text-font-weight:var(--awb-typography5-font-weight);--awb-text-font-style:var(--awb-typography5-font-style);\"><p>Kaynak: <a href=\"https:\/\/www.e-recht24.de\/\" target=\"_blank\" rel=\"noopener\">https:\/\/www.e-recht24.de\/<\/a><\/p>\n<\/div><\/div><\/div><\/div><\/div>\n","protected":false},"excerpt":{"rendered":"","protected":false},"author":1,"featured_media":3703,"parent":0,"menu_order":5,"comment_status":"closed","ping_status":"closed","template":"100-width.php","meta":{"footnotes":""},"class_list":["post-5404","page","type-page","status-publish","has-post-thumbnail","hentry"],"yoast_head":"<!-- This site is optimized with the Yoast SEO plugin v24.8.1 - https:\/\/yoast.com\/wordpress\/plugins\/seo\/ -->\n<title>K\u00fcnye &#8211; Group<\/title>\n<meta name=\"description\" content=\"\u015eirket ad\u0131, ileti\u015fim, sorumluluk ve kaynaklar gibi SCHOCK ile ilgili t\u00fcm \u00f6nemli ve yasal bilgileri k\u00fcnyede bulabilirsiniz.\" \/>\n<meta name=\"robots\" content=\"noindex, follow, max-snippet:-1, max-image-preview:large, max-video-preview:-1\" \/>\n<meta property=\"og:locale\" content=\"tr_TR\" \/>\n<meta property=\"og:type\" content=\"article\" \/>\n<meta property=\"og:title\" content=\"K\u00fcnye &#8211; Group\" \/>\n<meta property=\"og:description\" content=\"\u015eirket ad\u0131, ileti\u015fim, sorumluluk ve kaynaklar gibi SCHOCK ile ilgili t\u00fcm \u00f6nemli ve yasal bilgileri k\u00fcnyede bulabilirsiniz.\" \/>\n<meta property=\"og:url\" content=\"https:\/\/www.group.crmschock.com\/tr\/kuenye\/\" \/>\n<meta property=\"og:site_name\" content=\"Group\" \/>\n<meta property=\"article:publisher\" content=\"https:\/\/www.facebook.com\/SchockMetall\/\" \/>\n<meta property=\"article:modified_time\" content=\"2024-07-02T10:58:37+00:00\" \/>\n<meta property=\"og:image\" content=\"https:\/\/www.group.crmschock.com\/wp-content\/uploads\/2022\/09\/schock-metall-standort-platzhalter-blau.jpg\" \/>\n\t<meta property=\"og:image:width\" content=\"1680\" \/>\n\t<meta property=\"og:image:height\" content=\"1050\" \/>\n\t<meta property=\"og:image:type\" content=\"image\/jpeg\" \/>\n<meta name=\"twitter:card\" content=\"summary_large_image\" \/>\n<meta name=\"twitter:label1\" content=\"Tahmini okuma s\u00fcresi\" \/>\n\t<meta name=\"twitter:data1\" content=\"6 dakika\" \/>\n<script type=\"application\/ld+json\" class=\"yoast-schema-graph\">{\"@context\":\"https:\/\/schema.org\",\"@graph\":[{\"@type\":\"WebPage\",\"@id\":\"https:\/\/www.group.crmschock.com\/tr\/kuenye\/\",\"url\":\"https:\/\/www.group.crmschock.com\/tr\/kuenye\/\",\"name\":\"K\u00fcnye &#8211; Group\",\"isPartOf\":{\"@id\":\"https:\/\/www.group.crmschock.com\/tr\/#website\"},\"primaryImageOfPage\":{\"@id\":\"https:\/\/www.group.crmschock.com\/tr\/kuenye\/#primaryimage\"},\"image\":{\"@id\":\"https:\/\/www.group.crmschock.com\/tr\/kuenye\/#primaryimage\"},\"thumbnailUrl\":\"https:\/\/www.group.crmschock.com\/wp-content\/uploads\/2022\/09\/schock-metall-standort-platzhalter-blau.jpg\",\"datePublished\":\"2022-01-26T10:25:50+00:00\",\"dateModified\":\"2024-07-02T10:58:37+00:00\",\"description\":\"\u015eirket ad\u0131, ileti\u015fim, sorumluluk ve kaynaklar gibi SCHOCK ile ilgili t\u00fcm \u00f6nemli ve yasal bilgileri k\u00fcnyede bulabilirsiniz.\",\"breadcrumb\":{\"@id\":\"https:\/\/www.group.crmschock.com\/tr\/kuenye\/#breadcrumb\"},\"inLanguage\":\"tr\",\"potentialAction\":[{\"@type\":\"ReadAction\",\"target\":[\"https:\/\/www.group.crmschock.com\/tr\/kuenye\/\"]}]},{\"@type\":\"ImageObject\",\"inLanguage\":\"tr\",\"@id\":\"https:\/\/www.group.crmschock.com\/tr\/kuenye\/#primaryimage\",\"url\":\"https:\/\/www.group.crmschock.com\/wp-content\/uploads\/2022\/09\/schock-metall-standort-platzhalter-blau.jpg\",\"contentUrl\":\"https:\/\/www.group.crmschock.com\/wp-content\/uploads\/2022\/09\/schock-metall-standort-platzhalter-blau.jpg\",\"width\":1680,\"height\":1050,\"caption\":\"Yer Tutucu\"},{\"@type\":\"BreadcrumbList\",\"@id\":\"https:\/\/www.group.crmschock.com\/tr\/kuenye\/#breadcrumb\",\"itemListElement\":[{\"@type\":\"ListItem\",\"position\":1,\"name\":\"Startseite\",\"item\":\"https:\/\/www.group.crmschock.com\/tr\/\"},{\"@type\":\"ListItem\",\"position\":2,\"name\":\"K\u00fcnye\"}]},{\"@type\":\"WebSite\",\"@id\":\"https:\/\/www.group.crmschock.com\/tr\/#website\",\"url\":\"https:\/\/www.group.crmschock.com\/tr\/\",\"name\":\"Group\",\"description\":\"F\u00fchrungssysteme der Superlative.\",\"publisher\":{\"@id\":\"https:\/\/www.group.crmschock.com\/tr\/#organization\"},\"potentialAction\":[{\"@type\":\"SearchAction\",\"target\":{\"@type\":\"EntryPoint\",\"urlTemplate\":\"https:\/\/www.group.crmschock.com\/tr\/?s={search_term_string}\"},\"query-input\":{\"@type\":\"PropertyValueSpecification\",\"valueRequired\":true,\"valueName\":\"search_term_string\"}}],\"inLanguage\":\"tr\"},{\"@type\":\"Organization\",\"@id\":\"https:\/\/www.group.crmschock.com\/tr\/#organization\",\"name\":\"Group\",\"url\":\"https:\/\/www.group.crmschock.com\/tr\/\",\"logo\":{\"@type\":\"ImageObject\",\"inLanguage\":\"tr\",\"@id\":\"https:\/\/www.group.crmschock.com\/tr\/#\/schema\/logo\/image\/\",\"url\":\"https:\/\/www.group.crmschock.com\/wp-content\/uploads\/2022\/09\/schock-group-logo.svg\",\"contentUrl\":\"https:\/\/www.group.crmschock.com\/wp-content\/uploads\/2022\/09\/schock-group-logo.svg\",\"width\":426,\"height\":121,\"caption\":\"Group\"},\"image\":{\"@id\":\"https:\/\/www.group.crmschock.com\/tr\/#\/schema\/logo\/image\/\"},\"sameAs\":[\"https:\/\/www.facebook.com\/SchockMetall\/\",\"https:\/\/www.instagram.com\/schockmetall\/\",\"https:\/\/www.youtube.com\/user\/SchockMetall\",\"https:\/\/www.xing.com\/pages\/schockmetallwerkgmbh\",\"https:\/\/www.linkedin.com\/company\/schock-metallwerk-gmbh\/\"]}]}<\/script>\n<!-- \/ Yoast SEO plugin. -->","yoast_head_json":{"title":"K\u00fcnye &#8211; Group","description":"\u015eirket ad\u0131, ileti\u015fim, sorumluluk ve kaynaklar gibi SCHOCK ile ilgili t\u00fcm \u00f6nemli ve yasal bilgileri k\u00fcnyede bulabilirsiniz.","robots":{"index":"noindex","follow":"follow","max-snippet":"max-snippet:-1","max-image-preview":"max-image-preview:large","max-video-preview":"max-video-preview:-1"},"og_locale":"tr_TR","og_type":"article","og_title":"K\u00fcnye &#8211; Group","og_description":"\u015eirket ad\u0131, ileti\u015fim, sorumluluk ve kaynaklar gibi SCHOCK ile ilgili t\u00fcm \u00f6nemli ve yasal bilgileri k\u00fcnyede bulabilirsiniz.","og_url":"https:\/\/www.group.crmschock.com\/tr\/kuenye\/","og_site_name":"Group","article_publisher":"https:\/\/www.facebook.com\/SchockMetall\/","article_modified_time":"2024-07-02T10:58:37+00:00","og_image":[{"width":1680,"height":1050,"url":"https:\/\/www.group.crmschock.com\/wp-content\/uploads\/2022\/09\/schock-metall-standort-platzhalter-blau.jpg","type":"image\/jpeg"}],"twitter_card":"summary_large_image","twitter_misc":{"Tahmini okuma s\u00fcresi":"6 dakika"},"schema":{"@context":"https:\/\/schema.org","@graph":[{"@type":"WebPage","@id":"https:\/\/www.group.crmschock.com\/tr\/kuenye\/","url":"https:\/\/www.group.crmschock.com\/tr\/kuenye\/","name":"K\u00fcnye &#8211; Group","isPartOf":{"@id":"https:\/\/www.group.crmschock.com\/tr\/#website"},"primaryImageOfPage":{"@id":"https:\/\/www.group.crmschock.com\/tr\/kuenye\/#primaryimage"},"image":{"@id":"https:\/\/www.group.crmschock.com\/tr\/kuenye\/#primaryimage"},"thumbnailUrl":"https:\/\/www.group.crmschock.com\/wp-content\/uploads\/2022\/09\/schock-metall-standort-platzhalter-blau.jpg","datePublished":"2022-01-26T10:25:50+00:00","dateModified":"2024-07-02T10:58:37+00:00","description":"\u015eirket ad\u0131, ileti\u015fim, sorumluluk ve kaynaklar gibi SCHOCK ile ilgili t\u00fcm \u00f6nemli ve yasal bilgileri k\u00fcnyede bulabilirsiniz.","breadcrumb":{"@id":"https:\/\/www.group.crmschock.com\/tr\/kuenye\/#breadcrumb"},"inLanguage":"tr","potentialAction":[{"@type":"ReadAction","target":["https:\/\/www.group.crmschock.com\/tr\/kuenye\/"]}]},{"@type":"ImageObject","inLanguage":"tr","@id":"https:\/\/www.group.crmschock.com\/tr\/kuenye\/#primaryimage","url":"https:\/\/www.group.crmschock.com\/wp-content\/uploads\/2022\/09\/schock-metall-standort-platzhalter-blau.jpg","contentUrl":"https:\/\/www.group.crmschock.com\/wp-content\/uploads\/2022\/09\/schock-metall-standort-platzhalter-blau.jpg","width":1680,"height":1050,"caption":"Yer Tutucu"},{"@type":"BreadcrumbList","@id":"https:\/\/www.group.crmschock.com\/tr\/kuenye\/#breadcrumb","itemListElement":[{"@type":"ListItem","position":1,"name":"Startseite","item":"https:\/\/www.group.crmschock.com\/tr\/"},{"@type":"ListItem","position":2,"name":"K\u00fcnye"}]},{"@type":"WebSite","@id":"https:\/\/www.group.crmschock.com\/tr\/#website","url":"https:\/\/www.group.crmschock.com\/tr\/","name":"Group","description":"F\u00fchrungssysteme der Superlative.","publisher":{"@id":"https:\/\/www.group.crmschock.com\/tr\/#organization"},"potentialAction":[{"@type":"SearchAction","target":{"@type":"EntryPoint","urlTemplate":"https:\/\/www.group.crmschock.com\/tr\/?s={search_term_string}"},"query-input":{"@type":"PropertyValueSpecification","valueRequired":true,"valueName":"search_term_string"}}],"inLanguage":"tr"},{"@type":"Organization","@id":"https:\/\/www.group.crmschock.com\/tr\/#organization","name":"Group","url":"https:\/\/www.group.crmschock.com\/tr\/","logo":{"@type":"ImageObject","inLanguage":"tr","@id":"https:\/\/www.group.crmschock.com\/tr\/#\/schema\/logo\/image\/","url":"https:\/\/www.group.crmschock.com\/wp-content\/uploads\/2022\/09\/schock-group-logo.svg","contentUrl":"https:\/\/www.group.crmschock.com\/wp-content\/uploads\/2022\/09\/schock-group-logo.svg","width":426,"height":121,"caption":"Group"},"image":{"@id":"https:\/\/www.group.crmschock.com\/tr\/#\/schema\/logo\/image\/"},"sameAs":["https:\/\/www.facebook.com\/SchockMetall\/","https:\/\/www.instagram.com\/schockmetall\/","https:\/\/www.youtube.com\/user\/SchockMetall","https:\/\/www.xing.com\/pages\/schockmetallwerkgmbh","https:\/\/www.linkedin.com\/company\/schock-metallwerk-gmbh\/"]}]}},"_links":{"self":[{"href":"https:\/\/www.group.crmschock.com\/tr\/wp-json\/wp\/v2\/pages\/5404","targetHints":{"allow":["GET"]}}],"collection":[{"href":"https:\/\/www.group.crmschock.com\/tr\/wp-json\/wp\/v2\/pages"}],"about":[{"href":"https:\/\/www.group.crmschock.com\/tr\/wp-json\/wp\/v2\/types\/page"}],"author":[{"embeddable":true,"href":"https:\/\/www.group.crmschock.com\/tr\/wp-json\/wp\/v2\/users\/1"}],"replies":[{"embeddable":true,"href":"https:\/\/www.group.crmschock.com\/tr\/wp-json\/wp\/v2\/comments?post=5404"}],"version-history":[{"count":0,"href":"https:\/\/www.group.crmschock.com\/tr\/wp-json\/wp\/v2\/pages\/5404\/revisions"}],"wp:featuredmedia":[{"embeddable":true,"href":"https:\/\/www.group.crmschock.com\/tr\/wp-json\/wp\/v2\/media\/3703"}],"wp:attachment":[{"href":"https:\/\/www.group.crmschock.com\/tr\/wp-json\/wp\/v2\/media?parent=5404"}],"curies":[{"name":"wp","href":"https:\/\/api.w.org\/{rel}","templated":true}]}}