{"id":5346,"date":"2022-01-26T11:25:06","date_gmt":"2022-01-26T10:25:06","guid":{"rendered":"https:\/\/www.group.crmschock.com\/indirmeler\/"},"modified":"2023-01-27T12:30:16","modified_gmt":"2023-01-27T11:30:16","slug":"indirmeler","status":"publish","type":"page","link":"https:\/\/www.group.crmschock.com\/tr\/indirmeler\/","title":{"rendered":"\u0130ndirmeler"},"content":{"rendered":"<div class=\"fusion-fullwidth fullwidth-box fusion-builder-row-1 fusion-flex-container nonhundred-percent-fullwidth non-hundred-percent-height-scrolling\" style=\"--awb-border-radius-top-left:0px;--awb-border-radius-top-right:0px;--awb-border-radius-bottom-right:0px;--awb-border-radius-bottom-left:0px;--awb-padding-top-medium:80px;--awb-padding-bottom-medium:0px;--awb-padding-top-small:50px;--awb-padding-bottom-small:0px;--awb-flex-wrap:wrap;\" ><div class=\"fusion-builder-row fusion-row fusion-flex-align-items-flex-start fusion-flex-content-wrap\" style=\"max-width:1456px;margin-left: calc(-4% \/ 2 );margin-right: calc(-4% \/ 2 );\"><div class=\"fusion-layout-column fusion_builder_column fusion-builder-column-0 fusion_builder_column_1_1 1_1 fusion-flex-column\" style=\"--awb-bg-size:cover;--awb-width-large:100%;--awb-margin-top-large:0px;--awb-spacing-right-large:1.92%;--awb-margin-bottom-large:6%;--awb-spacing-left-large:1.92%;--awb-width-medium:100%;--awb-order-medium:0;--awb-spacing-right-medium:1.92%;--awb-spacing-left-medium:1.92%;--awb-width-small:100%;--awb-order-small:0;--awb-spacing-right-small:1.92%;--awb-spacing-left-small:1.92%;\"><div class=\"fusion-column-wrapper fusion-column-has-shadow fusion-flex-justify-content-flex-start fusion-content-layout-column\"><div class=\"fusion-title title fusion-title-1 fusion-sep-none fusion-title-text fusion-title-size-one\" style=\"--awb-margin-top:0px;--awb-margin-right:0px;--awb-margin-bottom:0px;--awb-margin-left:0px;--awb-margin-top-small:0px;--awb-margin-right-small:0px;--awb-margin-bottom-small:0px;--awb-margin-left-small:0px;\"><h1 class=\"fusion-title-heading title-heading-left fusion-responsive-typography-calculated\" style=\"margin:0;--fontSize:135;line-height:var(--awb-typography1-line-height);\">\u0130ndirmeler<\/h1><\/div><\/div><\/div><div class=\"fusion-layout-column fusion_builder_column fusion-builder-column-1 fusion_builder_column_1_2 1_2 fusion-flex-column\" style=\"--awb-bg-size:cover;--awb-width-large:50%;--awb-margin-top-large:0px;--awb-spacing-right-large:3.84%;--awb-margin-bottom-large:6%;--awb-spacing-left-large:3.84%;--awb-width-medium:100%;--awb-order-medium:0;--awb-spacing-right-medium:1.92%;--awb-spacing-left-medium:1.92%;--awb-width-small:100%;--awb-order-small:0;--awb-spacing-right-small:1.92%;--awb-spacing-left-small:1.92%;\"><div class=\"fusion-column-wrapper fusion-column-has-shadow fusion-flex-justify-content-flex-start fusion-content-layout-column\"><div class=\"fusion-title title fusion-title-2 fusion-sep-none fusion-title-text fusion-title-size-three\" style=\"--awb-margin-top:0px;--awb-margin-right:0px;--awb-margin-bottom:0px;--awb-margin-left:0px;--awb-margin-top-small:0px;--awb-margin-right-small:0px;--awb-margin-bottom-small:0px;--awb-margin-left-small:0px;\"><h3 class=\"fusion-title-heading title-heading-left fusion-responsive-typography-calculated\" style=\"margin:0;--fontSize:35;line-height:var(--awb-typography2-line-height);\">Genel<\/h3><\/div><div ><a class=\"fusion-button button-flat fusion-button-default-size button-default fusion-button-default button-1 fusion-button-default-span fusion-button-default-type\" target=\"_blank\" rel=\"noopener noreferrer\" href=\"https:\/\/www.group.crmschock.com\/wp-content\/uploads\/2022\/11\/schock-metall-bps.pdf\"><i class=\"icon-download button-icon-left\" aria-hidden=\"true\"><\/i><span class=\"fusion-button-text\">\u0130\u015f Esaslar\u0131 ve Standartlar\u0131 (ingilizce)<\/span><\/a><\/div><div ><a class=\"fusion-button button-flat fusion-button-default-size button-default fusion-button-default button-2 fusion-button-default-span fusion-button-default-type\" target=\"_blank\" rel=\"noopener noreferrer\" href=\"https:\/\/www.group.crmschock.com\/wp-content\/uploads\/2022\/11\/schock-metall-gtc.pdf\"><i class=\"icon-download button-icon-left\" aria-hidden=\"true\"><\/i><span class=\"fusion-button-text\">Genel Sat\u0131\u015f ve Teslimat \u015eartlar\u0131 (ingilizce)<\/span><\/a><\/div><\/div><\/div><div class=\"fusion-layout-column fusion_builder_column fusion-builder-column-2 fusion_builder_column_1_2 1_2 fusion-flex-column\" style=\"--awb-bg-size:cover;--awb-width-large:50%;--awb-margin-top-large:0px;--awb-spacing-right-large:3.84%;--awb-margin-bottom-large:6%;--awb-spacing-left-large:3.84%;--awb-width-medium:100%;--awb-order-medium:0;--awb-spacing-right-medium:1.92%;--awb-spacing-left-medium:1.92%;--awb-width-small:100%;--awb-order-small:0;--awb-spacing-right-small:1.92%;--awb-spacing-left-small:1.92%;\"><div class=\"fusion-column-wrapper fusion-column-has-shadow fusion-flex-justify-content-flex-start fusion-content-layout-column\"><div class=\"fusion-title title fusion-title-3 fusion-sep-none fusion-title-text fusion-title-size-three\" style=\"--awb-margin-top:0px;--awb-margin-right:0px;--awb-margin-bottom:0px;--awb-margin-left:0px;--awb-margin-top-small:0px;--awb-margin-right-small:0px;--awb-margin-bottom-small:0px;--awb-margin-left-small:0px;\"><h3 class=\"fusion-title-heading title-heading-left fusion-responsive-typography-calculated\" style=\"margin:0;--fontSize:35;line-height:var(--awb-typography2-line-height);\">&Uuml;r&uuml;n bilgileri<\/h3><\/div><div ><a class=\"fusion-button button-flat fusion-button-default-size button-default fusion-button-default button-3 fusion-button-default-span fusion-button-default-type\" target=\"_blank\" rel=\"noopener noreferrer\" href=\"https:\/\/www.group.crmschock.com\/wp-content\/uploads\/2022\/11\/schock-metall-standard-program-telescopic-slides.pdf\"><i class=\"icon-download button-icon-left\" aria-hidden=\"true\"><\/i><span class=\"fusion-button-text\">Teleskopik raylar: Standart program (ingilizce)<\/span><\/a><\/div><div ><a class=\"fusion-button button-flat fusion-button-default-size button-default fusion-button-default button-4 fusion-button-default-span fusion-button-default-type\" target=\"_blank\" rel=\"noopener noreferrer\" href=\"https:\/\/www.group.crmschock.com\/wp-content\/uploads\/2022\/11\/schock-metall-over-extension-series-040.pdf\"><i class=\"icon-download button-icon-left\" aria-hidden=\"true\"><\/i><span class=\"fusion-button-text\">Paslanmaz &ccedil;elik &uuml;stten uzatma ray\u0131 040 serisi (ingilizce)<\/span><\/a><\/div><div ><a class=\"fusion-button button-flat fusion-button-default-size button-default fusion-button-default button-5 fusion-button-default-span fusion-button-default-type\" target=\"_blank\" rel=\"noopener noreferrer\" href=\"https:\/\/www.group.crmschock.com\/wp-content\/uploads\/2022\/11\/schock-metall-air-motion-en.pdf\"><i class=\"icon-download button-icon-left\" aria-hidden=\"true\"><\/i><span class=\"fusion-button-text\">AIR Motion: Yeni nesil kolay kayma (ingilizce)<\/span><\/a><\/div><div ><a class=\"fusion-button button-flat fusion-button-default-size button-default fusion-button-default button-6 fusion-button-default-span fusion-button-default-type\" target=\"_blank\" rel=\"noopener noreferrer\" href=\"https:\/\/www.group.crmschock.com\/wp-content\/uploads\/2023\/01\/schock-metall-teleskopik-raylar.pdf\"><i class=\"icon-download button-icon-left\" aria-hidden=\"true\"><\/i><span class=\"fusion-button-text\">Teleskopik raylar: Bireysel &ccedil;&ouml;z&uuml;mler<\/span><\/a><\/div><div ><a class=\"fusion-button button-flat fusion-button-default-size button-default fusion-button-default button-7 fusion-button-default-span fusion-button-default-type\" target=\"_blank\" rel=\"noopener noreferrer\" href=\"https:\/\/www.group.crmschock.com\/wp-content\/uploads\/2022\/11\/schock-metall-telescopic-slides-transport-systems.pdf\"><i class=\"icon-download button-icon-left\" aria-hidden=\"true\"><\/i><span class=\"fusion-button-text\">Ta\u015f\u0131ma sistemleri ve y&uuml;k ta\u015f\u0131y\u0131c\u0131lar i&ccedil;in teleskopik raylar (ingilizce)<\/span><\/a><\/div><div ><a class=\"fusion-button button-flat fusion-button-default-size button-default fusion-button-default button-8 fusion-button-default-span fusion-button-default-type\" target=\"_blank\" rel=\"noopener noreferrer\" href=\"https:\/\/www.group.crmschock.com\/wp-content\/uploads\/2023\/01\/schock-metall-oezel-celik-profiller.pdf\"><i class=\"icon-download button-icon-left\" aria-hidden=\"true\"><\/i><span class=\"fusion-button-text\">&Ouml;zel profiller: Y&uuml;ksek hassasiyetli tasar\u0131m elemanlar\u0131.<\/span><\/a><\/div><\/div><\/div><div class=\"fusion-layout-column fusion_builder_column fusion-builder-column-3 fusion_builder_column_1_2 1_2 fusion-flex-column\" style=\"--awb-bg-size:cover;--awb-width-large:50%;--awb-margin-top-large:0px;--awb-spacing-right-large:3.84%;--awb-margin-bottom-large:6%;--awb-spacing-left-large:3.84%;--awb-width-medium:50%;--awb-order-medium:0;--awb-spacing-right-medium:3.84%;--awb-spacing-left-medium:3.84%;--awb-width-small:100%;--awb-order-small:0;--awb-spacing-right-small:1.92%;--awb-spacing-left-small:1.92%;\"><div class=\"fusion-column-wrapper fusion-column-has-shadow fusion-flex-justify-content-flex-start fusion-content-layout-column\"><div class=\"fusion-title title fusion-title-4 fusion-sep-none fusion-title-text fusion-title-size-three\" style=\"--awb-margin-top:0px;--awb-margin-right:0px;--awb-margin-bottom:0px;--awb-margin-left:0px;--awb-margin-top-small:0px;--awb-margin-right-small:0px;--awb-margin-bottom-small:0px;--awb-margin-left-small:0px;\"><h3 class=\"fusion-title-heading title-heading-left fusion-responsive-typography-calculated\" style=\"margin:0;--fontSize:35;line-height:var(--awb-typography2-line-height);\">CAD verileri<\/h3><\/div><div ><a class=\"fusion-button button-flat fusion-button-default-size button-default fusion-button-default button-9 fusion-button-default-span fusion-button-default-type\" target=\"_blank\" rel=\"noopener noreferrer\" href=\"https:\/\/www.group.crmschock.com\/wp-content\/uploads\/2022\/11\/schock-metall-slides-profiles.pdf\"><i class=\"icon-download button-icon-left\" aria-hidden=\"true\"><\/i><span class=\"fusion-button-text\">Ray profilleri veri sayfas\u0131 (ingilizce)<\/span><\/a><\/div><\/div><\/div><div class=\"fusion-layout-column fusion_builder_column fusion-builder-column-4 fusion_builder_column_1_2 1_2 fusion-flex-column\" style=\"--awb-bg-size:cover;--awb-width-large:50%;--awb-margin-top-large:0px;--awb-spacing-right-large:3.84%;--awb-margin-bottom-large:6%;--awb-spacing-left-large:3.84%;--awb-width-medium:50%;--awb-order-medium:0;--awb-spacing-right-medium:3.84%;--awb-spacing-left-medium:3.84%;--awb-width-small:100%;--awb-order-small:0;--awb-spacing-right-small:1.92%;--awb-spacing-left-small:1.92%;\"><div class=\"fusion-column-wrapper fusion-column-has-shadow fusion-flex-justify-content-flex-start fusion-content-layout-column\"><div class=\"fusion-title title fusion-title-5 fusion-sep-none fusion-title-text fusion-title-size-three\" style=\"--awb-margin-top:0px;--awb-margin-right:0px;--awb-margin-bottom:0px;--awb-margin-left:0px;--awb-margin-top-small:0px;--awb-margin-right-small:0px;--awb-margin-bottom-small:0px;--awb-margin-left-small:0px;\"><h3 class=\"fusion-title-heading title-heading-left fusion-responsive-typography-calculated\" style=\"margin:0;--fontSize:35;line-height:var(--awb-typography2-line-height);\">Sertifikalar<\/h3><\/div><div ><a class=\"fusion-button button-flat fusion-button-default-size button-default fusion-button-default button-10 fusion-button-default-span fusion-button-default-type\" target=\"_blank\" rel=\"noopener noreferrer\" href=\"https:\/\/www.group.crmschock.com\/wp-content\/uploads\/2022\/11\/schock-metall-iso-9001-2015-en.pdf\"><i class=\"icon-download button-icon-left\" aria-hidden=\"true\"><\/i><span class=\"fusion-button-text\">ISO 9001:2015 (QUACERT)<\/span><\/a><\/div><\/div><\/div><\/div><\/div>\n","protected":false},"excerpt":{"rendered":"","protected":false},"author":1,"featured_media":3703,"parent":0,"menu_order":8,"comment_status":"closed","ping_status":"closed","template":"100-width.php","meta":{"footnotes":""},"class_list":["post-5346","page","type-page","status-publish","has-post-thumbnail","hentry"],"yoast_head":"<!-- This site is optimized with the Yoast SEO plugin v24.8.1 - https:\/\/yoast.com\/wordpress\/plugins\/seo\/ -->\n<title>Group i\u00e7in t\u00fcm \u00f6nemli belgelerin \u0130ndirmeler<\/title>\n<meta name=\"description\" content=\"Schock Metallwerk GmbH ile ilgili indirilebilir t\u00fcm \u00f6nemli materyallerini tek bir yerde, \u0130ndirme Portal\u0131m\u0131zda bulabilirsiniz.\" \/>\n<meta name=\"robots\" content=\"noindex, follow, max-snippet:-1, max-image-preview:large, max-video-preview:-1\" \/>\n<meta property=\"og:locale\" content=\"tr_TR\" \/>\n<meta property=\"og:type\" content=\"article\" \/>\n<meta property=\"og:title\" content=\"Group i\u00e7in t\u00fcm \u00f6nemli belgelerin \u0130ndirmeler\" \/>\n<meta property=\"og:description\" content=\"Schock Metallwerk GmbH ile ilgili indirilebilir t\u00fcm \u00f6nemli materyallerini tek bir yerde, \u0130ndirme Portal\u0131m\u0131zda bulabilirsiniz.\" \/>\n<meta property=\"og:url\" content=\"https:\/\/www.group.crmschock.com\/tr\/indirmeler\/\" \/>\n<meta property=\"og:site_name\" content=\"Group\" \/>\n<meta property=\"article:publisher\" content=\"https:\/\/www.facebook.com\/SchockMetall\/\" \/>\n<meta property=\"article:modified_time\" content=\"2023-01-27T11:30:16+00:00\" \/>\n<meta property=\"og:image\" content=\"https:\/\/www.group.crmschock.com\/wp-content\/uploads\/2022\/09\/schock-metall-standort-platzhalter-blau.jpg\" \/>\n\t<meta property=\"og:image:width\" content=\"1680\" \/>\n\t<meta property=\"og:image:height\" content=\"1050\" \/>\n\t<meta property=\"og:image:type\" content=\"image\/jpeg\" \/>\n<meta name=\"twitter:card\" content=\"summary_large_image\" \/>\n<meta name=\"twitter:label1\" content=\"Tahmini okuma s\u00fcresi\" \/>\n\t<meta name=\"twitter:data1\" content=\"9 dakika\" \/>\n<script type=\"application\/ld+json\" class=\"yoast-schema-graph\">{\"@context\":\"https:\/\/schema.org\",\"@graph\":[{\"@type\":\"WebPage\",\"@id\":\"https:\/\/www.group.crmschock.com\/tr\/indirmeler\/\",\"url\":\"https:\/\/www.group.crmschock.com\/tr\/indirmeler\/\",\"name\":\"Group i\u00e7in t\u00fcm \u00f6nemli belgelerin \u0130ndirmeler\",\"isPartOf\":{\"@id\":\"https:\/\/www.group.crmschock.com\/tr\/#website\"},\"primaryImageOfPage\":{\"@id\":\"https:\/\/www.group.crmschock.com\/tr\/indirmeler\/#primaryimage\"},\"image\":{\"@id\":\"https:\/\/www.group.crmschock.com\/tr\/indirmeler\/#primaryimage\"},\"thumbnailUrl\":\"https:\/\/www.group.crmschock.com\/wp-content\/uploads\/2022\/09\/schock-metall-standort-platzhalter-blau.jpg\",\"datePublished\":\"2022-01-26T10:25:06+00:00\",\"dateModified\":\"2023-01-27T11:30:16+00:00\",\"description\":\"Schock Metallwerk GmbH ile ilgili indirilebilir t\u00fcm \u00f6nemli materyallerini tek bir yerde, \u0130ndirme Portal\u0131m\u0131zda bulabilirsiniz.\",\"breadcrumb\":{\"@id\":\"https:\/\/www.group.crmschock.com\/tr\/indirmeler\/#breadcrumb\"},\"inLanguage\":\"tr\",\"potentialAction\":[{\"@type\":\"ReadAction\",\"target\":[\"https:\/\/www.group.crmschock.com\/tr\/indirmeler\/\"]}]},{\"@type\":\"ImageObject\",\"inLanguage\":\"tr\",\"@id\":\"https:\/\/www.group.crmschock.com\/tr\/indirmeler\/#primaryimage\",\"url\":\"https:\/\/www.group.crmschock.com\/wp-content\/uploads\/2022\/09\/schock-metall-standort-platzhalter-blau.jpg\",\"contentUrl\":\"https:\/\/www.group.crmschock.com\/wp-content\/uploads\/2022\/09\/schock-metall-standort-platzhalter-blau.jpg\",\"width\":1680,\"height\":1050,\"caption\":\"Yer Tutucu\"},{\"@type\":\"BreadcrumbList\",\"@id\":\"https:\/\/www.group.crmschock.com\/tr\/indirmeler\/#breadcrumb\",\"itemListElement\":[{\"@type\":\"ListItem\",\"position\":1,\"name\":\"Startseite\",\"item\":\"https:\/\/www.group.crmschock.com\/tr\/\"},{\"@type\":\"ListItem\",\"position\":2,\"name\":\"\u0130ndirmeler\"}]},{\"@type\":\"WebSite\",\"@id\":\"https:\/\/www.group.crmschock.com\/tr\/#website\",\"url\":\"https:\/\/www.group.crmschock.com\/tr\/\",\"name\":\"Group\",\"description\":\"F\u00fchrungssysteme der Superlative.\",\"publisher\":{\"@id\":\"https:\/\/www.group.crmschock.com\/tr\/#organization\"},\"potentialAction\":[{\"@type\":\"SearchAction\",\"target\":{\"@type\":\"EntryPoint\",\"urlTemplate\":\"https:\/\/www.group.crmschock.com\/tr\/?s={search_term_string}\"},\"query-input\":{\"@type\":\"PropertyValueSpecification\",\"valueRequired\":true,\"valueName\":\"search_term_string\"}}],\"inLanguage\":\"tr\"},{\"@type\":\"Organization\",\"@id\":\"https:\/\/www.group.crmschock.com\/tr\/#organization\",\"name\":\"Group\",\"url\":\"https:\/\/www.group.crmschock.com\/tr\/\",\"logo\":{\"@type\":\"ImageObject\",\"inLanguage\":\"tr\",\"@id\":\"https:\/\/www.group.crmschock.com\/tr\/#\/schema\/logo\/image\/\",\"url\":\"https:\/\/www.group.crmschock.com\/wp-content\/uploads\/2022\/09\/schock-group-logo.svg\",\"contentUrl\":\"https:\/\/www.group.crmschock.com\/wp-content\/uploads\/2022\/09\/schock-group-logo.svg\",\"width\":426,\"height\":121,\"caption\":\"Group\"},\"image\":{\"@id\":\"https:\/\/www.group.crmschock.com\/tr\/#\/schema\/logo\/image\/\"},\"sameAs\":[\"https:\/\/www.facebook.com\/SchockMetall\/\",\"https:\/\/www.instagram.com\/schockmetall\/\",\"https:\/\/www.youtube.com\/user\/SchockMetall\",\"https:\/\/www.xing.com\/pages\/schockmetallwerkgmbh\",\"https:\/\/www.linkedin.com\/company\/schock-metallwerk-gmbh\/\"]}]}<\/script>\n<!-- \/ Yoast SEO plugin. -->","yoast_head_json":{"title":"Group i\u00e7in t\u00fcm \u00f6nemli belgelerin \u0130ndirmeler","description":"Schock Metallwerk GmbH ile ilgili indirilebilir t\u00fcm \u00f6nemli materyallerini tek bir yerde, \u0130ndirme Portal\u0131m\u0131zda bulabilirsiniz.","robots":{"index":"noindex","follow":"follow","max-snippet":"max-snippet:-1","max-image-preview":"max-image-preview:large","max-video-preview":"max-video-preview:-1"},"og_locale":"tr_TR","og_type":"article","og_title":"Group i\u00e7in t\u00fcm \u00f6nemli belgelerin \u0130ndirmeler","og_description":"Schock Metallwerk GmbH ile ilgili indirilebilir t\u00fcm \u00f6nemli materyallerini tek bir yerde, \u0130ndirme Portal\u0131m\u0131zda bulabilirsiniz.","og_url":"https:\/\/www.group.crmschock.com\/tr\/indirmeler\/","og_site_name":"Group","article_publisher":"https:\/\/www.facebook.com\/SchockMetall\/","article_modified_time":"2023-01-27T11:30:16+00:00","og_image":[{"width":1680,"height":1050,"url":"https:\/\/www.group.crmschock.com\/wp-content\/uploads\/2022\/09\/schock-metall-standort-platzhalter-blau.jpg","type":"image\/jpeg"}],"twitter_card":"summary_large_image","twitter_misc":{"Tahmini okuma s\u00fcresi":"9 dakika"},"schema":{"@context":"https:\/\/schema.org","@graph":[{"@type":"WebPage","@id":"https:\/\/www.group.crmschock.com\/tr\/indirmeler\/","url":"https:\/\/www.group.crmschock.com\/tr\/indirmeler\/","name":"Group i\u00e7in t\u00fcm \u00f6nemli belgelerin \u0130ndirmeler","isPartOf":{"@id":"https:\/\/www.group.crmschock.com\/tr\/#website"},"primaryImageOfPage":{"@id":"https:\/\/www.group.crmschock.com\/tr\/indirmeler\/#primaryimage"},"image":{"@id":"https:\/\/www.group.crmschock.com\/tr\/indirmeler\/#primaryimage"},"thumbnailUrl":"https:\/\/www.group.crmschock.com\/wp-content\/uploads\/2022\/09\/schock-metall-standort-platzhalter-blau.jpg","datePublished":"2022-01-26T10:25:06+00:00","dateModified":"2023-01-27T11:30:16+00:00","description":"Schock Metallwerk GmbH ile ilgili indirilebilir t\u00fcm \u00f6nemli materyallerini tek bir yerde, \u0130ndirme Portal\u0131m\u0131zda bulabilirsiniz.","breadcrumb":{"@id":"https:\/\/www.group.crmschock.com\/tr\/indirmeler\/#breadcrumb"},"inLanguage":"tr","potentialAction":[{"@type":"ReadAction","target":["https:\/\/www.group.crmschock.com\/tr\/indirmeler\/"]}]},{"@type":"ImageObject","inLanguage":"tr","@id":"https:\/\/www.group.crmschock.com\/tr\/indirmeler\/#primaryimage","url":"https:\/\/www.group.crmschock.com\/wp-content\/uploads\/2022\/09\/schock-metall-standort-platzhalter-blau.jpg","contentUrl":"https:\/\/www.group.crmschock.com\/wp-content\/uploads\/2022\/09\/schock-metall-standort-platzhalter-blau.jpg","width":1680,"height":1050,"caption":"Yer Tutucu"},{"@type":"BreadcrumbList","@id":"https:\/\/www.group.crmschock.com\/tr\/indirmeler\/#breadcrumb","itemListElement":[{"@type":"ListItem","position":1,"name":"Startseite","item":"https:\/\/www.group.crmschock.com\/tr\/"},{"@type":"ListItem","position":2,"name":"\u0130ndirmeler"}]},{"@type":"WebSite","@id":"https:\/\/www.group.crmschock.com\/tr\/#website","url":"https:\/\/www.group.crmschock.com\/tr\/","name":"Group","description":"F\u00fchrungssysteme der Superlative.","publisher":{"@id":"https:\/\/www.group.crmschock.com\/tr\/#organization"},"potentialAction":[{"@type":"SearchAction","target":{"@type":"EntryPoint","urlTemplate":"https:\/\/www.group.crmschock.com\/tr\/?s={search_term_string}"},"query-input":{"@type":"PropertyValueSpecification","valueRequired":true,"valueName":"search_term_string"}}],"inLanguage":"tr"},{"@type":"Organization","@id":"https:\/\/www.group.crmschock.com\/tr\/#organization","name":"Group","url":"https:\/\/www.group.crmschock.com\/tr\/","logo":{"@type":"ImageObject","inLanguage":"tr","@id":"https:\/\/www.group.crmschock.com\/tr\/#\/schema\/logo\/image\/","url":"https:\/\/www.group.crmschock.com\/wp-content\/uploads\/2022\/09\/schock-group-logo.svg","contentUrl":"https:\/\/www.group.crmschock.com\/wp-content\/uploads\/2022\/09\/schock-group-logo.svg","width":426,"height":121,"caption":"Group"},"image":{"@id":"https:\/\/www.group.crmschock.com\/tr\/#\/schema\/logo\/image\/"},"sameAs":["https:\/\/www.facebook.com\/SchockMetall\/","https:\/\/www.instagram.com\/schockmetall\/","https:\/\/www.youtube.com\/user\/SchockMetall","https:\/\/www.xing.com\/pages\/schockmetallwerkgmbh","https:\/\/www.linkedin.com\/company\/schock-metallwerk-gmbh\/"]}]}},"_links":{"self":[{"href":"https:\/\/www.group.crmschock.com\/tr\/wp-json\/wp\/v2\/pages\/5346","targetHints":{"allow":["GET"]}}],"collection":[{"href":"https:\/\/www.group.crmschock.com\/tr\/wp-json\/wp\/v2\/pages"}],"about":[{"href":"https:\/\/www.group.crmschock.com\/tr\/wp-json\/wp\/v2\/types\/page"}],"author":[{"embeddable":true,"href":"https:\/\/www.group.crmschock.com\/tr\/wp-json\/wp\/v2\/users\/1"}],"replies":[{"embeddable":true,"href":"https:\/\/www.group.crmschock.com\/tr\/wp-json\/wp\/v2\/comments?post=5346"}],"version-history":[{"count":0,"href":"https:\/\/www.group.crmschock.com\/tr\/wp-json\/wp\/v2\/pages\/5346\/revisions"}],"wp:featuredmedia":[{"embeddable":true,"href":"https:\/\/www.group.crmschock.com\/tr\/wp-json\/wp\/v2\/media\/3703"}],"wp:attachment":[{"href":"https:\/\/www.group.crmschock.com\/tr\/wp-json\/wp\/v2\/media?parent=5346"}],"curies":[{"name":"wp","href":"https:\/\/api.w.org\/{rel}","templated":true}]}}